{"id":1205,"date":"2024-02-07T17:53:23","date_gmt":"2024-02-07T16:53:23","guid":{"rendered":"https:\/\/www.totorestaurants.com\/abu-dhabi\/reserva-en-toto-copy\/"},"modified":"2024-04-02T16:20:48","modified_gmt":"2024-04-02T14:20:48","slug":"book-now-toto","status":"publish","type":"page","link":"https:\/\/www.totorestaurants.com\/abu-dhabi\/book-now-toto\/","title":{"rendered":"Book now TOT\u00d3"},"content":{"rendered":"<section class=\"l-section wpb_row height_huge full_height valign_center width_custom with_img parallax_ver\" style=\"--site-content-width:1380px;\"><div class=\"l-section-img\" role=\"img\" data-img-width=\"1600\" data-img-height=\"1066\" style=\"background-image: url(https:\/\/www.totorestaurants.com\/abu-dhabi\/wp-content\/uploads\/2024\/01\/resized_toto-14.jpg);background-repeat: no-repeat;\"><\/div><div class=\"l-section-overlay\" style=\"background:rgba(0,0,0,0.68)\"><\/div><div class=\"l-section-h i-cf\"><div class=\"g-cols vc_row via_grid cols_1 laptops-cols_inherit tablets-cols_inherit mobiles-cols_1 valign_top type_default stacking_default\"><div class=\"wpb_column vc_column_container us_custom_27a746ce\"><div class=\"vc_column-inner\"><div class=\"g-cols wpb_row us_custom_6f5d1224 via_grid cols_2 laptops-cols_inherit tablets-cols_inherit mobiles-cols_1 valign_middle type_default stacking_default\" style=\"--gap:3rem;\"><div class=\"wpb_column vc_column_container us_custom_42827c34\"><div class=\"vc_column-overlay\" style=\"background:var(--color-header-middle-text-hover)\"><\/div><div class=\"vc_column-inner\"><h1 class=\"w-text us_custom_e7459440 has_text_color us_animate_this\"><span class=\"w-text-h\"><span class=\"w-text-value\">Book now<\/span><\/span><\/h1><h4 class=\"w-text us_custom_fbd89bf9 has_text_color us_animate_this\"><span class=\"w-text-h\"><span class=\"w-text-value\">Taste of Italy<\/span><\/span><\/h4><div class=\"w-image us_custom_834aebd8 us_animate_this align_left\"><div class=\"w-image-h\"><img decoding=\"async\" width=\"310\" height=\"32\" src=\"https:\/\/www.totorestaurants.com\/abu-dhabi\/wp-content\/uploads\/2024\/02\/graphics_toto-34-1.png\" class=\"attachment-large size-large\" alt=\"\" srcset=\"https:\/\/www.totorestaurants.com\/abu-dhabi\/wp-content\/uploads\/2024\/02\/graphics_toto-34-1.png 310w, https:\/\/www.totorestaurants.com\/abu-dhabi\/wp-content\/uploads\/2024\/02\/graphics_toto-34-1-300x31.png 300w\" sizes=\"(max-width: 310px) 100vw, 310px\" \/><\/div><\/div><div class=\"w-separator size_medium\"><\/div><div class=\"wpb_text_column us_custom_34fba6a8 has_text_color us_animate_this\"><div class=\"wpb_wrapper\"><p>A unique gastronomic experience that you cannot miss. Book your table and taste the authentic Italian essence in the heart of Abu Dhabi.<\/p>\n<p>Complete the reservation form and experience the TOT\u00d3 magic.<\/p>\n<\/div><\/div><\/div><\/div><div class=\"wpb_column vc_column_container us_custom_94343bdc\"><div class=\"vc_column-inner\">[vc_raw_html]JTNDaWZyYW1lJTIwaWQlM0QlMjJyZXN0YXVyYW50ZS10b3RvJTIyJTIwdGl0bGUlM0QlMjJPbmxpbmUlMjBib29raW5nJTIwUmVzdGF1cmFudCUyMFRPVCVDMyU5MyUyMEFidSUyMERoYWJpJTIyJTIwc3JjJTNEJTIyaHR0cHMlM0ElMkYlMkZ3d3cuc2V2ZW5yb29tcy5jb20lMkZyZXNlcnZhdGlvbnMlMkZ5YW1hc2hvbGRpbmd0b3RvdmVudWUlMjIlMjB3aWR0aCUzRCUyMjEwMCUyNSUyMiUyMGhlaWdodCUzRCUyMjU1MCUyMiUyMGZyYW1lYm9yZGVyJTNEJTIyMCUyMiUzRSUzQyUyRmlmcmFtZSUzRQ==[\/vc_raw_html]<\/div><\/div><\/div><\/div><\/div><\/div><\/div><\/section><section class=\"l-section wpb_row height_huge with_img\"><div class=\"l-section-img\" role=\"img\" data-img-width=\"1169\" data-img-height=\"746\" style=\"background-image: url(https:\/\/www.totorestaurants.com\/abu-dhabi\/wp-content\/uploads\/2024\/01\/backgraphics_toto-18.png);\"><\/div><div class=\"l-section-h i-cf\"><div class=\"g-cols vc_row via_grid cols_1 laptops-cols_inherit tablets-cols_inherit mobiles-cols_1 valign_top type_default stacking_default\"><div class=\"wpb_column vc_column_container\"><div class=\"vc_column-inner\"><h4 class=\"w-text us_custom_4edec70e has_text_color\"><span class=\"w-text-h\"><span class=\"w-text-value\">Instants to remember<\/span><\/span><\/h4><div class=\"w-image us_custom_2ec34925 align_center\"><div class=\"w-image-h\"><img decoding=\"async\" width=\"310\" height=\"31\" src=\"https:\/\/www.totorestaurants.com\/abu-dhabi\/wp-content\/uploads\/2024\/01\/graphics_toto-16.png\" class=\"attachment-large size-large\" alt=\"\" srcset=\"https:\/\/www.totorestaurants.com\/abu-dhabi\/wp-content\/uploads\/2024\/01\/graphics_toto-16.png 310w, https:\/\/www.totorestaurants.com\/abu-dhabi\/wp-content\/uploads\/2024\/01\/graphics_toto-16-300x30.png 300w\" sizes=\"(max-width: 310px) 100vw, 310px\" \/><\/div><\/div><div class=\"w-separator size_medium\"><\/div><div class=\"w-html feedig\"><iframe src=\"https:\/\/embedsocial.com\/api\/pro_hashtag\/1cc1c4f22b503cd9ecb88b940350e0b901ad71bb\" width=\"100%\" height=\"650px\" frameborder=\"0\" marginheight=\"0\" marginwidth=\"0\"><\/iframe><\/div><\/div><\/div><\/div><\/div><\/section>\n","protected":false},"excerpt":{"rendered":"Book nowTaste of ItalyA unique gastronomic experience that you cannot miss. Book your table and taste the authentic Italian essence in the heart of Abu Dhabi. Complete the reservation form and experience the TOT\u00d3 magic. [vc_raw_html]JTNDaWZyYW1lJTIwaWQlM0QlMjJyZXN0YXVyYW50ZS10b3RvJTIyJTIwdGl0bGUlM0QlMjJPbmxpbmUlMjBib29raW5nJTIwUmVzdGF1cmFudCUyMFRPVCVDMyU5MyUyMEFidSUyMERoYWJpJTIyJTIwc3JjJTNEJTIyaHR0cHMlM0ElMkYlMkZ3d3cuc2V2ZW5yb29tcy5jb20lMkZyZXNlcnZhdGlvbnMlMkZ5YW1hc2hvbGRpbmd0b3RvdmVudWUlMjIlMjB3aWR0aCUzRCUyMjEwMCUyNSUyMiUyMGhlaWdodCUzRCUyMjU1MCUyMiUyMGZyYW1lYm9yZGVyJTNEJTIyMCUyMiUzRSUzQyUyRmlmcmFtZSUzRQ==[\/vc_raw_html]Instants to remember","protected":false},"author":1,"featured_media":0,"parent":0,"menu_order":0,"comment_status":"closed","ping_status":"closed","template":"","meta":{"_monsterinsights_skip_tracking":false,"_monsterinsights_sitenote_active":false,"_monsterinsights_sitenote_note":"","_monsterinsights_sitenote_category":0,"footnotes":"","_links_to":"","_links_to_target":""},"class_list":["post-1205","page","type-page","status-publish","hentry"],"yoast_head":"<!-- This site is optimized with the Yoast SEO plugin v21.7 - https:\/\/yoast.com\/wordpress\/plugins\/seo\/ -->\n<title>Book now TOT\u00d3 | TOT\u00d3 Restaurants Abu Dhabi<\/title>\n<meta name=\"description\" content=\"Book a table at TOT\u00d3 Abu Dhabi and live a Italian gastronomic experience. Choose a date at TOT\u00d3 restaurant and enjoy the excellence.\" \/>\n<meta name=\"robots\" content=\"index, follow, max-snippet:-1, max-image-preview:large, max-video-preview:-1\" \/>\n<link rel=\"canonical\" href=\"https:\/\/www.totorestaurants.com\/abu-dhabi\/book-now-toto\/\" \/>\n<meta property=\"og:locale\" content=\"en_US\" \/>\n<meta property=\"og:type\" content=\"article\" \/>\n<meta property=\"og:title\" content=\"Book now TOT\u00d3 | TOT\u00d3 Restaurants Abu Dhabi\" \/>\n<meta property=\"og:description\" content=\"Book a table at TOT\u00d3 Abu Dhabi and live a Italian gastronomic experience. Choose a date at TOT\u00d3 restaurant and enjoy the excellence.\" \/>\n<meta property=\"og:url\" content=\"https:\/\/www.totorestaurants.com\/abu-dhabi\/book-now-toto\/\" \/>\n<meta property=\"og:site_name\" content=\"TOT\u00d3 Restaurants\" \/>\n<meta property=\"article:modified_time\" content=\"2024-04-02T14:20:48+00:00\" \/>\n<meta name=\"twitter:card\" content=\"summary_large_image\" \/>\n<meta name=\"twitter:label1\" content=\"Est. reading time\" \/>\n\t<meta name=\"twitter:data1\" content=\"1 minute\" \/>\n<script type=\"application\/ld+json\" class=\"yoast-schema-graph\">{\"@context\":\"https:\/\/schema.org\",\"@graph\":[{\"@type\":\"WebPage\",\"@id\":\"https:\/\/www.totorestaurants.com\/abu-dhabi\/book-now-toto\/\",\"url\":\"https:\/\/www.totorestaurants.com\/abu-dhabi\/book-now-toto\/\",\"name\":\"Book now TOT\u00d3 | TOT\u00d3 Restaurants Abu Dhabi\",\"isPartOf\":{\"@id\":\"https:\/\/www.totorestaurants.com\/abu-dhabi\/#website\"},\"datePublished\":\"2024-02-07T16:53:23+00:00\",\"dateModified\":\"2024-04-02T14:20:48+00:00\",\"description\":\"Book a table at TOT\u00d3 Abu Dhabi and live a Italian gastronomic experience. Choose a date at TOT\u00d3 restaurant and enjoy the excellence.\",\"breadcrumb\":{\"@id\":\"https:\/\/www.totorestaurants.com\/abu-dhabi\/book-now-toto\/#breadcrumb\"},\"inLanguage\":\"en-US\",\"potentialAction\":[{\"@type\":\"ReadAction\",\"target\":[\"https:\/\/www.totorestaurants.com\/abu-dhabi\/book-now-toto\/\"]}]},{\"@type\":\"BreadcrumbList\",\"@id\":\"https:\/\/www.totorestaurants.com\/abu-dhabi\/book-now-toto\/#breadcrumb\",\"itemListElement\":[{\"@type\":\"ListItem\",\"position\":1,\"name\":\"Portada\",\"item\":\"https:\/\/www.totorestaurants.com\/abu-dhabi\/\"},{\"@type\":\"ListItem\",\"position\":2,\"name\":\"Book now TOT\u00d3\"}]},{\"@type\":\"WebSite\",\"@id\":\"https:\/\/www.totorestaurants.com\/abu-dhabi\/#website\",\"url\":\"https:\/\/www.totorestaurants.com\/abu-dhabi\/\",\"name\":\"TOT\u00d3 Restaurant\",\"description\":\"The essence of Italian cuisine\",\"potentialAction\":[{\"@type\":\"SearchAction\",\"target\":{\"@type\":\"EntryPoint\",\"urlTemplate\":\"https:\/\/www.totorestaurants.com\/abu-dhabi\/?s={search_term_string}\"},\"query-input\":\"required name=search_term_string\"}],\"inLanguage\":\"en-US\"}]}<\/script>\n<!-- \/ Yoast SEO plugin. -->","yoast_head_json":{"title":"Book now TOT\u00d3 | TOT\u00d3 Restaurants Abu Dhabi","description":"Book a table at TOT\u00d3 Abu Dhabi and live a Italian gastronomic experience. Choose a date at TOT\u00d3 restaurant and enjoy the excellence.","robots":{"index":"index","follow":"follow","max-snippet":"max-snippet:-1","max-image-preview":"max-image-preview:large","max-video-preview":"max-video-preview:-1"},"canonical":"https:\/\/www.totorestaurants.com\/abu-dhabi\/book-now-toto\/","og_locale":"en_US","og_type":"article","og_title":"Book now TOT\u00d3 | TOT\u00d3 Restaurants Abu Dhabi","og_description":"Book a table at TOT\u00d3 Abu Dhabi and live a Italian gastronomic experience. Choose a date at TOT\u00d3 restaurant and enjoy the excellence.","og_url":"https:\/\/www.totorestaurants.com\/abu-dhabi\/book-now-toto\/","og_site_name":"TOT\u00d3 Restaurants","article_modified_time":"2024-04-02T14:20:48+00:00","twitter_card":"summary_large_image","twitter_misc":{"Est. reading time":"1 minute"},"schema":{"@context":"https:\/\/schema.org","@graph":[{"@type":"WebPage","@id":"https:\/\/www.totorestaurants.com\/abu-dhabi\/book-now-toto\/","url":"https:\/\/www.totorestaurants.com\/abu-dhabi\/book-now-toto\/","name":"Book now TOT\u00d3 | TOT\u00d3 Restaurants Abu Dhabi","isPartOf":{"@id":"https:\/\/www.totorestaurants.com\/abu-dhabi\/#website"},"datePublished":"2024-02-07T16:53:23+00:00","dateModified":"2024-04-02T14:20:48+00:00","description":"Book a table at TOT\u00d3 Abu Dhabi and live a Italian gastronomic experience. Choose a date at TOT\u00d3 restaurant and enjoy the excellence.","breadcrumb":{"@id":"https:\/\/www.totorestaurants.com\/abu-dhabi\/book-now-toto\/#breadcrumb"},"inLanguage":"en-US","potentialAction":[{"@type":"ReadAction","target":["https:\/\/www.totorestaurants.com\/abu-dhabi\/book-now-toto\/"]}]},{"@type":"BreadcrumbList","@id":"https:\/\/www.totorestaurants.com\/abu-dhabi\/book-now-toto\/#breadcrumb","itemListElement":[{"@type":"ListItem","position":1,"name":"Portada","item":"https:\/\/www.totorestaurants.com\/abu-dhabi\/"},{"@type":"ListItem","position":2,"name":"Book now TOT\u00d3"}]},{"@type":"WebSite","@id":"https:\/\/www.totorestaurants.com\/abu-dhabi\/#website","url":"https:\/\/www.totorestaurants.com\/abu-dhabi\/","name":"TOT\u00d3 Restaurant","description":"The essence of Italian cuisine","potentialAction":[{"@type":"SearchAction","target":{"@type":"EntryPoint","urlTemplate":"https:\/\/www.totorestaurants.com\/abu-dhabi\/?s={search_term_string}"},"query-input":"required name=search_term_string"}],"inLanguage":"en-US"}]}},"_links":{"self":[{"href":"https:\/\/www.totorestaurants.com\/abu-dhabi\/wp-json\/wp\/v2\/pages\/1205","targetHints":{"allow":["GET"]}}],"collection":[{"href":"https:\/\/www.totorestaurants.com\/abu-dhabi\/wp-json\/wp\/v2\/pages"}],"about":[{"href":"https:\/\/www.totorestaurants.com\/abu-dhabi\/wp-json\/wp\/v2\/types\/page"}],"author":[{"embeddable":true,"href":"https:\/\/www.totorestaurants.com\/abu-dhabi\/wp-json\/wp\/v2\/users\/1"}],"replies":[{"embeddable":true,"href":"https:\/\/www.totorestaurants.com\/abu-dhabi\/wp-json\/wp\/v2\/comments?post=1205"}],"version-history":[{"count":10,"href":"https:\/\/www.totorestaurants.com\/abu-dhabi\/wp-json\/wp\/v2\/pages\/1205\/revisions"}],"predecessor-version":[{"id":1450,"href":"https:\/\/www.totorestaurants.com\/abu-dhabi\/wp-json\/wp\/v2\/pages\/1205\/revisions\/1450"}],"wp:attachment":[{"href":"https:\/\/www.totorestaurants.com\/abu-dhabi\/wp-json\/wp\/v2\/media?parent=1205"}],"curies":[{"name":"wp","href":"https:\/\/api.w.org\/{rel}","templated":true}]}}