{"id":1228,"date":"2024-02-07T12:23:31","date_gmt":"2024-02-07T11:23:31","guid":{"rendered":"https:\/\/www.totorestaurants.com\/abu-dhabi\/regala-copy\/"},"modified":"2024-11-05T14:32:49","modified_gmt":"2024-11-05T13:32:49","slug":"gift-toto","status":"publish","type":"page","link":"https:\/\/www.totorestaurants.com\/abu-dhabi\/gift-toto\/","title":{"rendered":"Gift TOT\u00d3"},"content":{"rendered":"<section class=\"l-section wpb_row height_huge full_height valign_center width_custom with_img parallax_ver\" style=\"--site-content-width:1380px;\"><div class=\"l-section-img\" role=\"img\" data-img-width=\"1920\" data-img-height=\"1248\" style=\"background-image: url(https:\/\/www.totorestaurants.com\/abu-dhabi\/wp-content\/uploads\/2024\/11\/toto-abu-dhabi-restaurant-gift-bg.jpg);background-repeat: no-repeat;\"><\/div><div class=\"l-section-overlay\" style=\"background:rgba(0,0,0,0.50)\"><\/div><div class=\"l-section-h i-cf\"><div class=\"g-cols vc_row via_grid cols_1 laptops-cols_inherit tablets-cols_inherit mobiles-cols_1 valign_top type_default stacking_default\"><div class=\"wpb_column vc_column_container us_custom_27a746ce\"><div class=\"vc_column-inner\"><div class=\"g-cols wpb_row us_custom_6f5d1224 via_grid cols_2 laptops-cols_inherit tablets-cols_inherit mobiles-cols_1 valign_middle type_default stacking_default\" style=\"--gap:3rem;\"><div class=\"wpb_column vc_column_container us_custom_42827c34\"><div class=\"vc_column-overlay\" style=\"background:var(--color-header-middle-text-hover)\"><\/div><div class=\"vc_column-inner\"><h1 class=\"w-text us_custom_e7459440 has_text_color us_animate_this\"><span class=\"w-text-h\"><span class=\"w-text-value\">GIFT TOT\u00d3<\/span><\/span><\/h1><h4 class=\"w-text us_custom_fbd89bf9 has_text_color us_animate_this\"><span class=\"w-text-h\"><span class=\"w-text-value\">A unique experience<\/span><\/span><\/h4><div class=\"w-image us_custom_834aebd8 us_animate_this align_left\"><div class=\"w-image-h\"><img decoding=\"async\" width=\"310\" height=\"32\" src=\"https:\/\/www.totorestaurants.com\/abu-dhabi\/wp-content\/uploads\/2024\/02\/graphics_toto-34.png\" class=\"attachment-large size-large\" alt=\"\" srcset=\"https:\/\/www.totorestaurants.com\/abu-dhabi\/wp-content\/uploads\/2024\/02\/graphics_toto-34.png 310w, https:\/\/www.totorestaurants.com\/abu-dhabi\/wp-content\/uploads\/2024\/02\/graphics_toto-34-300x31.png 300w\" sizes=\"(max-width: 310px) 100vw, 310px\" \/><\/div><\/div><div class=\"w-separator size_medium\"><\/div><div class=\"wpb_text_column us_custom_34fba6a8 has_text_color us_animate_this\"><div class=\"wpb_wrapper\"><p>Authentic Italian cuisine in a unique space in the heart of the capital, paired with an exclusive wine list and signature cocktails, all accompanied by live music.<\/p>\n<p>In TOT\u00d3 Abu Dhabi we help you to organize the most special gift.<\/p>\n<\/div><\/div><\/div><\/div><div class=\"wpb_column vc_column_container us_custom_94343bdc\"><div class=\"vc_column-inner\">\n<div class=\"wpcf7 no-js us_custom_60e9caca us_animate_this\" id=\"wpcf7-f1267-o1\" lang=\"en-US\" dir=\"ltr\">\n<div class=\"screen-reader-response\"><p role=\"status\" aria-live=\"polite\" aria-atomic=\"true\"><\/p> <ul><\/ul><\/div>\n<form action=\"\/abu-dhabi\/wp-json\/wp\/v2\/pages\/1228#wpcf7-f1267-o1\" method=\"post\" class=\"wpcf7-form init\" aria-label=\"Contact form\" novalidate=\"novalidate\" data-status=\"init\">\n<div style=\"display: none;\">\n<input type=\"hidden\" name=\"_wpcf7\" value=\"1267\" \/>\n<input type=\"hidden\" name=\"_wpcf7_version\" value=\"5.8.5\" \/>\n<input type=\"hidden\" name=\"_wpcf7_locale\" value=\"en_US\" \/>\n<input type=\"hidden\" name=\"_wpcf7_unit_tag\" value=\"wpcf7-f1267-o1\" \/>\n<input type=\"hidden\" name=\"_wpcf7_container_post\" value=\"0\" \/>\n<input type=\"hidden\" name=\"_wpcf7_posted_data_hash\" value=\"\" \/>\n<\/div>\n<div class=\"cf-container\">\n\t<div class=\"cf-col-12\">\n\t\t<p><label> Name & Surname* <span class=\"wpcf7-form-control-wrap\" data-name=\"your-name\"><input size=\"40\" class=\"wpcf7-form-control wpcf7-text wpcf7-validates-as-required\" aria-required=\"true\" aria-invalid=\"false\" value=\"\" type=\"text\" name=\"your-name\" \/><\/span> <\/label>\n\t\t<\/p>\n\t<\/div>\n\t<div class=\"cf-col-6\">\n\t\t<p><label> Email* <span class=\"wpcf7-form-control-wrap\" data-name=\"your-email\"><input size=\"40\" class=\"wpcf7-form-control wpcf7-email wpcf7-validates-as-required wpcf7-text wpcf7-validates-as-email\" aria-required=\"true\" aria-invalid=\"false\" value=\"\" type=\"email\" name=\"your-email\" \/><\/span> <\/label>\n\t\t<\/p>\n\t<\/div>\n\t<div class=\"cf-col-6\">\n\t\t<p><label> Phone* <span class=\"wpcf7-form-control-wrap\" data-name=\"tel-285\"><input size=\"40\" class=\"wpcf7-form-control wpcf7-tel wpcf7-validates-as-required wpcf7-text wpcf7-validates-as-tel\" aria-required=\"true\" aria-invalid=\"false\" value=\"\" type=\"tel\" name=\"tel-285\" \/><\/span> <\/label>\n\t\t<\/p>\n\t<\/div>\n\t<div class=\"cf-col-12\">\n\t\t<p><label> \u00bfWhich event do yo want to organize?* <span class=\"wpcf7-form-control-wrap\" data-name=\"your-subject\"><input size=\"40\" class=\"wpcf7-form-control wpcf7-text wpcf7-validates-as-required\" aria-required=\"true\" aria-invalid=\"false\" value=\"\" type=\"text\" name=\"your-subject\" \/><\/span> <\/label>\n\t\t<\/p>\n\t<\/div>\n\t<div class=\"cf-col-6\">\n\t\t<p><label> Date <span class=\"wpcf7-form-control-wrap\" data-name=\"date-794\"><input class=\"wpcf7-form-control wpcf7-date wpcf7-validates-as-date\" aria-invalid=\"false\" value=\"\" type=\"date\" name=\"date-794\" \/><\/span> <\/label>\n\t\t<\/p>\n\t<\/div>\n\t<div class=\"cf-col-6\">\n\t\t<p><label> Number of people <span class=\"wpcf7-form-control-wrap\" data-name=\"number-781\"><input class=\"wpcf7-form-control wpcf7-number wpcf7-validates-as-number\" aria-invalid=\"false\" value=\"\" type=\"number\" name=\"number-781\" \/><\/span> <\/label>\n\t\t<\/p>\n\t<\/div>\n\t<div class=\"cf-col-12\">\n\t\t<p><label> Event's description* <span class=\"wpcf7-form-control-wrap\" data-name=\"your-message\"><textarea cols=\"40\" rows=\"10\" class=\"wpcf7-form-control wpcf7-textarea wpcf7-validates-as-required\" aria-required=\"true\" aria-invalid=\"false\" name=\"your-message\"><\/textarea><\/span> <\/label>\n\t\t<\/p>\n\t<\/div>\n<\/div>\n<p><span class=\"wpcf7-form-control-wrap\" data-name=\"acceptance-77\"><span class=\"wpcf7-form-control wpcf7-acceptance\"><span class=\"wpcf7-list-item\"><label><input type=\"checkbox\" name=\"acceptance-77\" value=\"1\" aria-invalid=\"false\" \/><span class=\"wpcf7-list-item-label\">I have read and accept the <a href=\"\/politica-de-privacidad\">Privacy Policy<\/a><\/span><\/label><\/span><\/span><\/span>\n<\/p>\n<p><input class=\"wpcf7-form-control wpcf7-submit has-spinner\" type=\"submit\" value=\"Send\" \/>\n<\/p><div class=\"wpcf7-response-output\" aria-hidden=\"true\"><\/div>\n<\/form>\n<\/div>\n<\/div><\/div><\/div><\/div><\/div><\/div><\/div><\/section>\n","protected":false},"excerpt":{"rendered":"GIFT TOT\u00d3A unique experienceAuthentic Italian cuisine in a unique space in the heart of the capital, paired with an exclusive wine list and signature cocktails, all accompanied by live music. In TOT\u00d3 Abu Dhabi we help you to organize the most special gift. Name & Surname* Email* Phone* \u00bfWhich event do yo want to organize?*...","protected":false},"author":1,"featured_media":0,"parent":0,"menu_order":0,"comment_status":"closed","ping_status":"closed","template":"","meta":{"_monsterinsights_skip_tracking":false,"_monsterinsights_sitenote_active":false,"_monsterinsights_sitenote_note":"","_monsterinsights_sitenote_category":0,"footnotes":"","_links_to":"","_links_to_target":""},"class_list":["post-1228","page","type-page","status-publish","hentry"],"yoast_head":"<!-- This site is optimized with the Yoast SEO plugin v21.7 - https:\/\/yoast.com\/wordpress\/plugins\/seo\/ -->\n<title>Gift TOT\u00d3 | TOT\u00d3 Restaurants Abu Dhabi<\/title>\n<meta name=\"description\" content=\"Give the TOT\u00d3 restaurants Abu Dhabi experience, the best Italian gastronomy. Give TOT\u00d3 Restaurant as a gift.\" \/>\n<meta name=\"robots\" content=\"index, follow, max-snippet:-1, max-image-preview:large, max-video-preview:-1\" \/>\n<link rel=\"canonical\" href=\"https:\/\/www.totorestaurants.com\/abu-dhabi\/gift-toto\/\" \/>\n<meta property=\"og:locale\" content=\"en_US\" \/>\n<meta property=\"og:type\" content=\"article\" \/>\n<meta property=\"og:title\" content=\"Gift TOT\u00d3 | TOT\u00d3 Restaurants Abu Dhabi\" \/>\n<meta property=\"og:description\" content=\"Give the TOT\u00d3 restaurants Abu Dhabi experience, the best Italian gastronomy. Give TOT\u00d3 Restaurant as a gift.\" \/>\n<meta property=\"og:url\" content=\"https:\/\/www.totorestaurants.com\/abu-dhabi\/gift-toto\/\" \/>\n<meta property=\"og:site_name\" content=\"TOT\u00d3 Restaurants\" \/>\n<meta property=\"article:modified_time\" content=\"2024-11-05T13:32:49+00:00\" \/>\n<meta name=\"twitter:card\" content=\"summary_large_image\" \/>\n<meta name=\"twitter:label1\" content=\"Est. reading time\" \/>\n\t<meta name=\"twitter:data1\" content=\"1 minute\" \/>\n<script type=\"application\/ld+json\" class=\"yoast-schema-graph\">{\"@context\":\"https:\/\/schema.org\",\"@graph\":[{\"@type\":\"WebPage\",\"@id\":\"https:\/\/www.totorestaurants.com\/abu-dhabi\/gift-toto\/\",\"url\":\"https:\/\/www.totorestaurants.com\/abu-dhabi\/gift-toto\/\",\"name\":\"Gift TOT\u00d3 | TOT\u00d3 Restaurants Abu Dhabi\",\"isPartOf\":{\"@id\":\"https:\/\/www.totorestaurants.com\/abu-dhabi\/#website\"},\"datePublished\":\"2024-02-07T11:23:31+00:00\",\"dateModified\":\"2024-11-05T13:32:49+00:00\",\"description\":\"Give the TOT\u00d3 restaurants Abu Dhabi experience, the best Italian gastronomy. Give TOT\u00d3 Restaurant as a gift.\",\"breadcrumb\":{\"@id\":\"https:\/\/www.totorestaurants.com\/abu-dhabi\/gift-toto\/#breadcrumb\"},\"inLanguage\":\"en-US\",\"potentialAction\":[{\"@type\":\"ReadAction\",\"target\":[\"https:\/\/www.totorestaurants.com\/abu-dhabi\/gift-toto\/\"]}]},{\"@type\":\"BreadcrumbList\",\"@id\":\"https:\/\/www.totorestaurants.com\/abu-dhabi\/gift-toto\/#breadcrumb\",\"itemListElement\":[{\"@type\":\"ListItem\",\"position\":1,\"name\":\"Portada\",\"item\":\"https:\/\/www.totorestaurants.com\/abu-dhabi\/\"},{\"@type\":\"ListItem\",\"position\":2,\"name\":\"Gift TOT\u00d3\"}]},{\"@type\":\"WebSite\",\"@id\":\"https:\/\/www.totorestaurants.com\/abu-dhabi\/#website\",\"url\":\"https:\/\/www.totorestaurants.com\/abu-dhabi\/\",\"name\":\"TOT\u00d3 Restaurant\",\"description\":\"The essence of Italian cuisine\",\"potentialAction\":[{\"@type\":\"SearchAction\",\"target\":{\"@type\":\"EntryPoint\",\"urlTemplate\":\"https:\/\/www.totorestaurants.com\/abu-dhabi\/?s={search_term_string}\"},\"query-input\":\"required name=search_term_string\"}],\"inLanguage\":\"en-US\"}]}<\/script>\n<!-- \/ Yoast SEO plugin. -->","yoast_head_json":{"title":"Gift TOT\u00d3 | TOT\u00d3 Restaurants Abu Dhabi","description":"Give the TOT\u00d3 restaurants Abu Dhabi experience, the best Italian gastronomy. Give TOT\u00d3 Restaurant as a gift.","robots":{"index":"index","follow":"follow","max-snippet":"max-snippet:-1","max-image-preview":"max-image-preview:large","max-video-preview":"max-video-preview:-1"},"canonical":"https:\/\/www.totorestaurants.com\/abu-dhabi\/gift-toto\/","og_locale":"en_US","og_type":"article","og_title":"Gift TOT\u00d3 | TOT\u00d3 Restaurants Abu Dhabi","og_description":"Give the TOT\u00d3 restaurants Abu Dhabi experience, the best Italian gastronomy. Give TOT\u00d3 Restaurant as a gift.","og_url":"https:\/\/www.totorestaurants.com\/abu-dhabi\/gift-toto\/","og_site_name":"TOT\u00d3 Restaurants","article_modified_time":"2024-11-05T13:32:49+00:00","twitter_card":"summary_large_image","twitter_misc":{"Est. reading time":"1 minute"},"schema":{"@context":"https:\/\/schema.org","@graph":[{"@type":"WebPage","@id":"https:\/\/www.totorestaurants.com\/abu-dhabi\/gift-toto\/","url":"https:\/\/www.totorestaurants.com\/abu-dhabi\/gift-toto\/","name":"Gift TOT\u00d3 | TOT\u00d3 Restaurants Abu Dhabi","isPartOf":{"@id":"https:\/\/www.totorestaurants.com\/abu-dhabi\/#website"},"datePublished":"2024-02-07T11:23:31+00:00","dateModified":"2024-11-05T13:32:49+00:00","description":"Give the TOT\u00d3 restaurants Abu Dhabi experience, the best Italian gastronomy. Give TOT\u00d3 Restaurant as a gift.","breadcrumb":{"@id":"https:\/\/www.totorestaurants.com\/abu-dhabi\/gift-toto\/#breadcrumb"},"inLanguage":"en-US","potentialAction":[{"@type":"ReadAction","target":["https:\/\/www.totorestaurants.com\/abu-dhabi\/gift-toto\/"]}]},{"@type":"BreadcrumbList","@id":"https:\/\/www.totorestaurants.com\/abu-dhabi\/gift-toto\/#breadcrumb","itemListElement":[{"@type":"ListItem","position":1,"name":"Portada","item":"https:\/\/www.totorestaurants.com\/abu-dhabi\/"},{"@type":"ListItem","position":2,"name":"Gift TOT\u00d3"}]},{"@type":"WebSite","@id":"https:\/\/www.totorestaurants.com\/abu-dhabi\/#website","url":"https:\/\/www.totorestaurants.com\/abu-dhabi\/","name":"TOT\u00d3 Restaurant","description":"The essence of Italian cuisine","potentialAction":[{"@type":"SearchAction","target":{"@type":"EntryPoint","urlTemplate":"https:\/\/www.totorestaurants.com\/abu-dhabi\/?s={search_term_string}"},"query-input":"required name=search_term_string"}],"inLanguage":"en-US"}]}},"_links":{"self":[{"href":"https:\/\/www.totorestaurants.com\/abu-dhabi\/wp-json\/wp\/v2\/pages\/1228","targetHints":{"allow":["GET"]}}],"collection":[{"href":"https:\/\/www.totorestaurants.com\/abu-dhabi\/wp-json\/wp\/v2\/pages"}],"about":[{"href":"https:\/\/www.totorestaurants.com\/abu-dhabi\/wp-json\/wp\/v2\/types\/page"}],"author":[{"embeddable":true,"href":"https:\/\/www.totorestaurants.com\/abu-dhabi\/wp-json\/wp\/v2\/users\/1"}],"replies":[{"embeddable":true,"href":"https:\/\/www.totorestaurants.com\/abu-dhabi\/wp-json\/wp\/v2\/comments?post=1228"}],"version-history":[{"count":9,"href":"https:\/\/www.totorestaurants.com\/abu-dhabi\/wp-json\/wp\/v2\/pages\/1228\/revisions"}],"predecessor-version":[{"id":1577,"href":"https:\/\/www.totorestaurants.com\/abu-dhabi\/wp-json\/wp\/v2\/pages\/1228\/revisions\/1577"}],"wp:attachment":[{"href":"https:\/\/www.totorestaurants.com\/abu-dhabi\/wp-json\/wp\/v2\/media?parent=1228"}],"curies":[{"name":"wp","href":"https:\/\/api.w.org\/{rel}","templated":true}]}}